{"id":68,"date":"2022-03-04T01:46:47","date_gmt":"2022-03-04T01:46:47","guid":{"rendered":"https:\/\/startertemplatecloud.com\/sb01\/?page_id=68"},"modified":"2025-05-27T11:02:26","modified_gmt":"2025-05-27T11:02:26","slug":"iletisim","status":"publish","type":"page","link":"https:\/\/lgsyazkampikizilay.com\/index.php\/iletisim\/","title":{"rendered":"\u0130leti\u015fim"},"content":{"rendered":"<style>.kb-row-layout-id68_2bf965-9d > .kt-row-column-wrap{align-content:start;}:where(.kb-row-layout-id68_2bf965-9d > .kt-row-column-wrap) > .wp-block-kadence-column{justify-content:start;}.kb-row-layout-id68_2bf965-9d > .kt-row-column-wrap{column-gap:var(--global-kb-gap-md, 2rem);row-gap:var(--global-kb-gap-md, 2rem);max-width:960px;margin-left:auto;margin-right:auto;padding-top:150px;padding-right:25px;padding-bottom:25px;padding-left:25px;grid-template-columns:minmax(0, 1fr);}.kb-row-layout-id68_2bf965-9d > .kt-row-layout-overlay{opacity:0.30;}@media all and (max-width: 1024px){.kb-row-layout-id68_2bf965-9d > .kt-row-column-wrap{grid-template-columns:minmax(0, 1fr);}}@media all and (max-width: 767px){.kb-row-layout-id68_2bf965-9d > .kt-row-column-wrap{padding-top:var(--global-kb-spacing-xxl, 5rem);grid-template-columns:minmax(0, 1fr);}}<\/style><div class=\"kb-row-layout-wrap kb-row-layout-id68_2bf965-9d alignnone has-theme-palette7-background-color kt-row-has-bg wp-block-kadence-rowlayout\"><div class=\"kt-row-column-wrap kt-has-1-columns kt-row-layout-equal kt-tab-layout-inherit kt-mobile-layout-row kt-row-valign-top\">\n<style>.kadence-column68_b3e912-5a > .kt-inside-inner-col,.kadence-column68_b3e912-5a > .kt-inside-inner-col:before{border-top-left-radius:0px;border-top-right-radius:0px;border-bottom-right-radius:0px;border-bottom-left-radius:0px;}.kadence-column68_b3e912-5a > .kt-inside-inner-col{column-gap:var(--global-kb-gap-sm, 1rem);}.kadence-column68_b3e912-5a > .kt-inside-inner-col{flex-direction:column;}.kadence-column68_b3e912-5a > .kt-inside-inner-col > .aligncenter{width:100%;}.kadence-column68_b3e912-5a > .kt-inside-inner-col:before{opacity:0.3;}.kadence-column68_b3e912-5a{position:relative;}@media all and (max-width: 1024px){.kadence-column68_b3e912-5a > .kt-inside-inner-col{flex-direction:column;justify-content:center;}}@media all and (max-width: 767px){.kadence-column68_b3e912-5a > .kt-inside-inner-col{flex-direction:column;justify-content:center;}}<\/style>\n<div class=\"wp-block-kadence-column kadence-column68_b3e912-5a inner-column-1\"><div class=\"kt-inside-inner-col\"><style>.wp-block-kadence-advancedheading.kt-adv-heading68_cbe2f8-64, .wp-block-kadence-advancedheading.kt-adv-heading68_cbe2f8-64[data-kb-block=\"kb-adv-heading68_cbe2f8-64\"]{display:block;text-align:center;font-size:20px;font-weight:400;font-style:normal;font-family:'Work Sans';}.wp-block-kadence-advancedheading.kt-adv-heading68_cbe2f8-64 mark.kt-highlight, .wp-block-kadence-advancedheading.kt-adv-heading68_cbe2f8-64[data-kb-block=\"kb-adv-heading68_cbe2f8-64\"] mark.kt-highlight{font-style:normal;color:#f76a0c;-webkit-box-decoration-break:clone;box-decoration-break:clone;padding-top:0px;padding-right:0px;padding-bottom:0px;padding-left:0px;}.wp-block-kadence-advancedheading.kt-adv-heading68_cbe2f8-64 img.kb-inline-image, .wp-block-kadence-advancedheading.kt-adv-heading68_cbe2f8-64[data-kb-block=\"kb-adv-heading68_cbe2f8-64\"] img.kb-inline-image{width:150px;vertical-align:baseline;}<\/style>\n<span class=\"kt-adv-heading68_cbe2f8-64 wp-block-kadence-advancedheading\" data-kb-block=\"kb-adv-heading68_cbe2f8-64\">\u0130leti\u015fim<\/span>\n\n\n<style>.wp-block-kadence-advancedheading.kt-adv-heading68_2e59e6-51, .wp-block-kadence-advancedheading.kt-adv-heading68_2e59e6-51[data-kb-block=\"kb-adv-heading68_2e59e6-51\"]{margin-top:0.3em;text-align:center;font-size:72px;line-height:90px;font-style:normal;}.wp-block-kadence-advancedheading.kt-adv-heading68_2e59e6-51 mark.kt-highlight, .wp-block-kadence-advancedheading.kt-adv-heading68_2e59e6-51[data-kb-block=\"kb-adv-heading68_2e59e6-51\"] mark.kt-highlight{font-style:normal;color:#f76a0c;-webkit-box-decoration-break:clone;box-decoration-break:clone;padding-top:0px;padding-right:0px;padding-bottom:0px;padding-left:0px;}.wp-block-kadence-advancedheading.kt-adv-heading68_2e59e6-51 img.kb-inline-image, .wp-block-kadence-advancedheading.kt-adv-heading68_2e59e6-51[data-kb-block=\"kb-adv-heading68_2e59e6-51\"] img.kb-inline-image{width:150px;vertical-align:baseline;}@media all and (max-width: 1024px){.wp-block-kadence-advancedheading.kt-adv-heading68_2e59e6-51, .wp-block-kadence-advancedheading.kt-adv-heading68_2e59e6-51[data-kb-block=\"kb-adv-heading68_2e59e6-51\"]{font-size:36px;}}@media all and (max-width: 767px){.wp-block-kadence-advancedheading.kt-adv-heading68_2e59e6-51, .wp-block-kadence-advancedheading.kt-adv-heading68_2e59e6-51[data-kb-block=\"kb-adv-heading68_2e59e6-51\"]{font-size:28px;line-height:36px;}}<\/style>\n<h1 class=\"kt-adv-heading68_2e59e6-51 wp-block-kadence-advancedheading\" data-kb-block=\"kb-adv-heading68_2e59e6-51\">Odt\u00fcnet &#8211; LGS Dershane<\/h1>\n\n\n\n<div style=\"height:40px\" aria-hidden=\"true\" class=\"wp-block-spacer\"><\/div>\n\n\n<style>.wp-block-kadence-advancedheading.kt-adv-heading68_1c5367-88, .wp-block-kadence-advancedheading.kt-adv-heading68_1c5367-88[data-kb-block=\"kb-adv-heading68_1c5367-88\"]{display:block;text-align:center;font-size:40px;line-height:56px;font-style:normal;}.wp-block-kadence-advancedheading.kt-adv-heading68_1c5367-88 mark.kt-highlight, .wp-block-kadence-advancedheading.kt-adv-heading68_1c5367-88[data-kb-block=\"kb-adv-heading68_1c5367-88\"] mark.kt-highlight{font-style:normal;color:#f76a0c;-webkit-box-decoration-break:clone;box-decoration-break:clone;padding-top:0px;padding-right:0px;padding-bottom:0px;padding-left:0px;}.wp-block-kadence-advancedheading.kt-adv-heading68_1c5367-88 img.kb-inline-image, .wp-block-kadence-advancedheading.kt-adv-heading68_1c5367-88[data-kb-block=\"kb-adv-heading68_1c5367-88\"] img.kb-inline-image{width:150px;vertical-align:baseline;}@media all and (max-width: 1024px){.wp-block-kadence-advancedheading.kt-adv-heading68_1c5367-88, .wp-block-kadence-advancedheading.kt-adv-heading68_1c5367-88[data-kb-block=\"kb-adv-heading68_1c5367-88\"]{font-size:36px;}}@media all and (max-width: 767px){.wp-block-kadence-advancedheading.kt-adv-heading68_1c5367-88, .wp-block-kadence-advancedheading.kt-adv-heading68_1c5367-88[data-kb-block=\"kb-adv-heading68_1c5367-88\"]{font-size:28px;line-height:36px;}}<\/style>\n<span class=\"kt-adv-heading68_1c5367-88 mw900 wp-block-kadence-advancedheading\" data-kb-block=\"kb-adv-heading68_1c5367-88\"><a href=\"tel:&quot;+903124198494&quot;\">Hemen Ara<\/a><\/span>\n\n\n<style>.wp-block-kadence-advancedheading.kt-adv-heading68_df0436-1e, .wp-block-kadence-advancedheading.kt-adv-heading68_df0436-1e[data-kb-block=\"kb-adv-heading68_df0436-1e\"]{text-align:center;font-size:40px;line-height:56px;font-style:normal;}.wp-block-kadence-advancedheading.kt-adv-heading68_df0436-1e mark.kt-highlight, .wp-block-kadence-advancedheading.kt-adv-heading68_df0436-1e[data-kb-block=\"kb-adv-heading68_df0436-1e\"] mark.kt-highlight{font-style:normal;color:#f76a0c;-webkit-box-decoration-break:clone;box-decoration-break:clone;padding-top:0px;padding-right:0px;padding-bottom:0px;padding-left:0px;}.wp-block-kadence-advancedheading.kt-adv-heading68_df0436-1e img.kb-inline-image, .wp-block-kadence-advancedheading.kt-adv-heading68_df0436-1e[data-kb-block=\"kb-adv-heading68_df0436-1e\"] img.kb-inline-image{width:150px;vertical-align:baseline;}@media all and (max-width: 1024px){.wp-block-kadence-advancedheading.kt-adv-heading68_df0436-1e, .wp-block-kadence-advancedheading.kt-adv-heading68_df0436-1e[data-kb-block=\"kb-adv-heading68_df0436-1e\"]{font-size:36px;}}@media all and (max-width: 767px){.wp-block-kadence-advancedheading.kt-adv-heading68_df0436-1e, .wp-block-kadence-advancedheading.kt-adv-heading68_df0436-1e[data-kb-block=\"kb-adv-heading68_df0436-1e\"]{font-size:28px;line-height:36px;}}<\/style>\n<h3 class=\"kt-adv-heading68_df0436-1e mw900 wp-block-kadence-advancedheading\" data-kb-block=\"kb-adv-heading68_df0436-1e\"><br>Bulvar Palas \u0130\u015f Merkezi, No:141 \/ 89 A Blok Kat: 8, K\u0131z\u0131lay \/ Ankara<\/h3>\n\n\n\n<div style=\"height:30px\" aria-hidden=\"true\" class=\"wp-block-spacer\"><\/div>\n\n\n<style>.wp-block-kadence-advancedbtn.kb-btns68_4d3d9a-26{gap:var(--global-kb-gap-xs, 0.5rem );justify-content:center;align-items:center;}.kt-btns68_4d3d9a-26 .kt-button{font-weight:normal;font-style:normal;}<\/style>\n<div class=\"wp-block-kadence-advancedbtn kb-buttons-wrap kb-btns68_4d3d9a-26\"><style>ul.menu .wp-block-kadence-advancedbtn .kb-btn68_70eb4c-34.kb-button{width:initial;}.wp-block-kadence-advancedbtn .kb-btn68_70eb4c-34.kb-button{color:var(--global-palette2, #2B6CB0);border-top-left-radius:0px;border-top-right-radius:0px;border-bottom-right-radius:0px;border-bottom-left-radius:0px;border-top:2px solid var(--global-palette2, #2B6CB0);border-right:2px solid var(--global-palette2, #2B6CB0);border-bottom:2px solid var(--global-palette2, #2B6CB0);border-left:2px solid var(--global-palette2, #2B6CB0);}.wp-block-kadence-advancedbtn .kb-btn68_70eb4c-34.kb-button:hover, .wp-block-kadence-advancedbtn .kb-btn68_70eb4c-34.kb-button:focus{color:#ffffff;background:var(--global-palette1, #3182CE);border-top-color:var(--global-palette1, #3182CE);border-top-style:solid;border-right-color:var(--global-palette1, #3182CE);border-right-style:solid;border-bottom-color:var(--global-palette1, #3182CE);border-bottom-style:solid;border-left-color:var(--global-palette1, #3182CE);border-left-style:solid;}@media all and (max-width: 1024px){.wp-block-kadence-advancedbtn .kb-btn68_70eb4c-34.kb-button{border-top:2px solid var(--global-palette2, #2B6CB0);border-right:2px solid var(--global-palette2, #2B6CB0);border-bottom:2px solid var(--global-palette2, #2B6CB0);border-left:2px solid var(--global-palette2, #2B6CB0);}}@media all and (max-width: 1024px){.wp-block-kadence-advancedbtn .kb-btn68_70eb4c-34.kb-button:hover, .wp-block-kadence-advancedbtn .kb-btn68_70eb4c-34.kb-button:focus{border-top-color:var(--global-palette1, #3182CE);border-top-style:solid;border-right-color:var(--global-palette1, #3182CE);border-right-style:solid;border-bottom-color:var(--global-palette1, #3182CE);border-bottom-style:solid;border-left-color:var(--global-palette1, #3182CE);border-left-style:solid;}}@media all and (max-width: 767px){.wp-block-kadence-advancedbtn .kb-btn68_70eb4c-34.kb-button{border-top:2px solid var(--global-palette2, #2B6CB0);border-right:2px solid var(--global-palette2, #2B6CB0);border-bottom:2px solid var(--global-palette2, #2B6CB0);border-left:2px solid var(--global-palette2, #2B6CB0);}.wp-block-kadence-advancedbtn .kb-btn68_70eb4c-34.kb-button:hover, .wp-block-kadence-advancedbtn .kb-btn68_70eb4c-34.kb-button:focus{border-top-color:var(--global-palette1, #3182CE);border-top-style:solid;border-right-color:var(--global-palette1, #3182CE);border-right-style:solid;border-bottom-color:var(--global-palette1, #3182CE);border-bottom-style:solid;border-left-color:var(--global-palette1, #3182CE);border-left-style:solid;}}<\/style><a class=\"kb-button kt-button button kb-btn68_70eb4c-34 kt-btn-size-standard kt-btn-width-type-auto kb-btn-global-outline  kt-btn-has-text-true kt-btn-has-svg-false  wp-block-kadence-singlebtn\" href=\"#\" role=\"button\"><span class=\"kt-btn-inner-text\">KONUM AL<\/span><\/a><\/div>\n\n\n<style>.wp-block-kadence-spacer.kt-block-spacer-68_4ae340-a1 .kt-block-spacer{height:60px;}.wp-block-kadence-spacer.kt-block-spacer-68_4ae340-a1 .kt-divider{border-top-width:1px;height:1px;border-top-color:#eee;width:80%;border-top-style:solid;}<\/style>\n<div class=\"wp-block-kadence-spacer aligncenter kt-block-spacer-68_4ae340-a1\"><div class=\"kt-block-spacer kt-block-spacer-halign-center\"><\/div><\/div>\n\n\n<style>.wp-block-kadence-advancedheading.kt-adv-heading68_b2174f-25, .wp-block-kadence-advancedheading.kt-adv-heading68_b2174f-25[data-kb-block=\"kb-adv-heading68_b2174f-25\"]{text-align:center;font-size:40px;line-height:56px;font-style:normal;}.wp-block-kadence-advancedheading.kt-adv-heading68_b2174f-25 mark.kt-highlight, .wp-block-kadence-advancedheading.kt-adv-heading68_b2174f-25[data-kb-block=\"kb-adv-heading68_b2174f-25\"] mark.kt-highlight{font-style:normal;color:#f76a0c;-webkit-box-decoration-break:clone;box-decoration-break:clone;padding-top:0px;padding-right:0px;padding-bottom:0px;padding-left:0px;}.wp-block-kadence-advancedheading.kt-adv-heading68_b2174f-25 img.kb-inline-image, .wp-block-kadence-advancedheading.kt-adv-heading68_b2174f-25[data-kb-block=\"kb-adv-heading68_b2174f-25\"] img.kb-inline-image{width:150px;vertical-align:baseline;}@media all and (max-width: 1024px){.wp-block-kadence-advancedheading.kt-adv-heading68_b2174f-25, .wp-block-kadence-advancedheading.kt-adv-heading68_b2174f-25[data-kb-block=\"kb-adv-heading68_b2174f-25\"]{font-size:36px;}}@media all and (max-width: 767px){.wp-block-kadence-advancedheading.kt-adv-heading68_b2174f-25, .wp-block-kadence-advancedheading.kt-adv-heading68_b2174f-25[data-kb-block=\"kb-adv-heading68_b2174f-25\"]{font-size:28px;line-height:36px;}}<\/style>\n<h2 class=\"kt-adv-heading68_b2174f-25 mw900 wp-block-kadence-advancedheading\" data-kb-block=\"kb-adv-heading68_b2174f-25\"><\/h2>\n\n\n<style>.wp-block-kadence-advancedheading.kt-adv-heading68_347207-9f, .wp-block-kadence-advancedheading.kt-adv-heading68_347207-9f[data-kb-block=\"kb-adv-heading68_347207-9f\"]{text-align:center;font-size:40px;line-height:56px;font-style:normal;}.wp-block-kadence-advancedheading.kt-adv-heading68_347207-9f mark.kt-highlight, .wp-block-kadence-advancedheading.kt-adv-heading68_347207-9f[data-kb-block=\"kb-adv-heading68_347207-9f\"] mark.kt-highlight{font-style:normal;color:#f76a0c;-webkit-box-decoration-break:clone;box-decoration-break:clone;padding-top:0px;padding-right:0px;padding-bottom:0px;padding-left:0px;}.wp-block-kadence-advancedheading.kt-adv-heading68_347207-9f img.kb-inline-image, .wp-block-kadence-advancedheading.kt-adv-heading68_347207-9f[data-kb-block=\"kb-adv-heading68_347207-9f\"] img.kb-inline-image{width:150px;vertical-align:baseline;}@media all and (max-width: 1024px){.wp-block-kadence-advancedheading.kt-adv-heading68_347207-9f, .wp-block-kadence-advancedheading.kt-adv-heading68_347207-9f[data-kb-block=\"kb-adv-heading68_347207-9f\"]{font-size:36px;}}@media all and (max-width: 767px){.wp-block-kadence-advancedheading.kt-adv-heading68_347207-9f, .wp-block-kadence-advancedheading.kt-adv-heading68_347207-9f[data-kb-block=\"kb-adv-heading68_347207-9f\"]{font-size:28px;line-height:36px;}}<\/style>\n<h3 class=\"kt-adv-heading68_347207-9f mw900 wp-block-kadence-advancedheading\" data-kb-block=\"kb-adv-heading68_347207-9f\"><\/h3>\n\n\n<style>.kb-row-layout-wrap.wp-block-kadence-rowlayout.kb-row-layout-id68_898b9b-e4{margin-top:40px;margin-bottom:40px;}.kb-row-layout-id68_898b9b-e4 > .kt-row-column-wrap{align-content:start;}:where(.kb-row-layout-id68_898b9b-e4 > .kt-row-column-wrap) > .wp-block-kadence-column{justify-content:start;}.kb-row-layout-id68_898b9b-e4 > .kt-row-column-wrap{column-gap:var(--global-kb-gap-md, 2rem);row-gap:var(--global-kb-gap-md, 2rem);max-width:700px;margin-left:auto;margin-right:auto;padding-top:0px;padding-right:25px;padding-bottom:25px;padding-left:25px;grid-template-columns:minmax(0, 1fr);}.kb-row-layout-id68_898b9b-e4 > .kt-row-layout-overlay{opacity:0.30;}@media all and (max-width: 1024px){.kb-row-layout-id68_898b9b-e4 > .kt-row-column-wrap{grid-template-columns:minmax(0, 1fr);}}@media all and (max-width: 767px){.kb-row-layout-id68_898b9b-e4 > .kt-row-column-wrap{padding-top:0px;padding-right:0px;padding-bottom:0px;padding-left:0px;grid-template-columns:minmax(0, 1fr);}}<\/style><div class=\"kb-row-layout-wrap kb-row-layout-id68_898b9b-e4 alignnone wp-block-kadence-rowlayout\"><div class=\"kt-row-column-wrap kt-has-1-columns kt-row-layout-equal kt-tab-layout-inherit kt-mobile-layout-row kt-row-valign-top\">\n<style>.kadence-column68_ecd908-7e > .kt-inside-inner-col,.kadence-column68_ecd908-7e > .kt-inside-inner-col:before{border-top-left-radius:0px;border-top-right-radius:0px;border-bottom-right-radius:0px;border-bottom-left-radius:0px;}.kadence-column68_ecd908-7e > .kt-inside-inner-col{column-gap:var(--global-kb-gap-sm, 1rem);}.kadence-column68_ecd908-7e > .kt-inside-inner-col{flex-direction:column;}.kadence-column68_ecd908-7e > .kt-inside-inner-col > .aligncenter{width:100%;}.kadence-column68_ecd908-7e > .kt-inside-inner-col:before{opacity:0.3;}.kadence-column68_ecd908-7e{position:relative;}@media all and (max-width: 1024px){.kadence-column68_ecd908-7e > .kt-inside-inner-col{flex-direction:column;justify-content:center;}}@media all and (max-width: 767px){.kadence-column68_ecd908-7e > .kt-inside-inner-col{flex-direction:column;justify-content:center;}}<\/style>\n<div class=\"wp-block-kadence-column kadence-column68_ecd908-7e inner-column-1\"><div class=\"kt-inside-inner-col\"><\/div><\/div>\n\n<\/div><\/div><\/div><\/div>\n\n<\/div><\/div>\n\n\n<style>.site-footer-wrap{background: #cad2c3;}<\/style>\n","protected":false},"excerpt":{"rendered":"<p>\u0130leti\u015fim Odt\u00fcnet &#8211; LGS Dershane Hemen Ara Bulvar Palas \u0130\u015f Merkezi, No:141 \/ 89 A Blok Kat: 8, K\u0131z\u0131lay \/ Ankara<\/p>\n","protected":false},"author":1,"featured_media":0,"parent":0,"menu_order":0,"comment_status":"closed","ping_status":"closed","template":"","meta":{"give_campaign_id":0,"_kadence_starter_templates_imported_post":true,"_kad_post_transparent":"","_kad_post_title":"","_kad_post_layout":"","_kad_post_sidebar_id":"","_kad_post_content_style":"","_kad_post_vertical_padding":"","_kad_post_feature":"","_kad_post_feature_position":"","_kad_post_header":false,"_kad_post_footer":false,"_kad_post_classname":"","footnotes":""},"class_list":["post-68","page","type-page","status-publish","hentry"],"campaignId":"","_links":{"self":[{"href":"https:\/\/lgsyazkampikizilay.com\/index.php\/wp-json\/wp\/v2\/pages\/68","targetHints":{"allow":["GET"]}}],"collection":[{"href":"https:\/\/lgsyazkampikizilay.com\/index.php\/wp-json\/wp\/v2\/pages"}],"about":[{"href":"https:\/\/lgsyazkampikizilay.com\/index.php\/wp-json\/wp\/v2\/types\/page"}],"author":[{"embeddable":true,"href":"https:\/\/lgsyazkampikizilay.com\/index.php\/wp-json\/wp\/v2\/users\/1"}],"replies":[{"embeddable":true,"href":"https:\/\/lgsyazkampikizilay.com\/index.php\/wp-json\/wp\/v2\/comments?post=68"}],"version-history":[{"count":3,"href":"https:\/\/lgsyazkampikizilay.com\/index.php\/wp-json\/wp\/v2\/pages\/68\/revisions"}],"predecessor-version":[{"id":1381,"href":"https:\/\/lgsyazkampikizilay.com\/index.php\/wp-json\/wp\/v2\/pages\/68\/revisions\/1381"}],"wp:attachment":[{"href":"https:\/\/lgsyazkampikizilay.com\/index.php\/wp-json\/wp\/v2\/media?parent=68"}],"curies":[{"name":"wp","href":"https:\/\/api.w.org\/{rel}","templated":true}]}}